{"id":10134,"date":"2026-01-21T14:38:19","date_gmt":"2026-01-21T14:38:19","guid":{"rendered":"https:\/\/view.com.uy\/Cmmd\/?page_id=10134"},"modified":"2026-01-21T14:41:01","modified_gmt":"2026-01-21T14:41:01","slug":"shure","status":"publish","type":"page","link":"https:\/\/view.com.uy\/Cmmd\/shure\/","title":{"rendered":"Shure"},"content":{"rendered":"\t\t<div data-elementor-type=\"wp-page\" data-elementor-id=\"10134\" class=\"elementor elementor-10134\">\n\t\t\t\t<div class=\"aux-parallax-section elementor-element elementor-element-748ed0d e-flex e-con-boxed e-con e-parent\" data-id=\"748ed0d\" data-element_type=\"container\">\n\t\t\t\t\t<div class=\"e-con-inner\">\n\t\t<div class=\"elementor-element elementor-element-6a58dd3 e-con-full e-flex e-con e-child\" data-id=\"6a58dd3\" data-element_type=\"container\">\n\t\t<div class=\"elementor-element elementor-element-6e80457 e-con-full e-flex e-con e-child\" data-id=\"6e80457\" data-element_type=\"container\">\n\t\t\t\t<div class=\"elementor-element elementor-element-d075e7d elementor-position-left elementor-vertical-align-middle elementor-widget elementor-widget-image-box\" data-id=\"d075e7d\" data-element_type=\"widget\" data-widget_type=\"image-box.default\">\n\t\t\t\t<div class=\"elementor-widget-container\">\n\t\t\t\t\t<div class=\"elementor-image-box-wrapper\"><figure class=\"elementor-image-box-img\"><img decoding=\"async\" width=\"100\" height=\"100\" src=\"https:\/\/view.com.uy\/Cmmd\/wp-content\/uploads\/2026\/01\/6.png\" class=\"attachment-full size-full wp-image-9918\" alt=\"\" \/><\/figure><div class=\"elementor-image-box-content\"><h3 class=\"elementor-image-box-title\">Shure<\/h3><p class=\"elementor-image-box-description\">Audio de precisi\u00f3n y est\u00e9tica invisible<\/p><\/div><\/div>\t\t\t\t<\/div>\n\t\t\t\t<\/div>\n\t\t\t\t<div class=\"elementor-element elementor-element-6aecd61 aux-appear-watch-animation aux-fade-in-right elementor-widget elementor-widget-text-editor\" data-id=\"6aecd61\" data-element_type=\"widget\" data-widget_type=\"text-editor.default\">\n\t\t\t\t<div class=\"elementor-widget-container\">\n\t\t\t\t\t\t\t\t\t<div class=\"aux-bus2-title-divider\">\u00a0<\/div>\t\t\t\t\t\t\t\t<\/div>\n\t\t\t\t<\/div>\n\t\t\t\t<div class=\"elementor-element elementor-element-68e0da0 aux-appear-watch-animation aux-fade-in-up elementor-widget elementor-widget-text-editor\" data-id=\"68e0da0\" data-element_type=\"widget\" data-widget_type=\"text-editor.default\">\n\t\t\t\t<div class=\"elementor-widget-container\">\n\t\t\t\t\t\t\t\t\t<p data-path-to-node=\"4\">El est\u00e1ndar mundial en microfon\u00eda profesional. Aplicamos soluciones de Shure para elevar la voz en sus reuniones, implementando soluciones de audio arquitect\u00f3nico que garantizan una claridad de estudio sin sacrificar el dise\u00f1o de sus espacios.<\/p>\t\t\t\t\t\t\t\t<\/div>\n\t\t\t\t<\/div>\n\t\t<div class=\"elementor-element elementor-element-04ea8ee e-grid e-con-full e-con e-child\" data-id=\"04ea8ee\" data-element_type=\"container\">\n\t\t\t\t<div class=\"elementor-element elementor-element-8f25aff aux-appear-watch-animation aux-fade-in-up elementor-widget elementor-widget-aux_button\" data-id=\"8f25aff\" data-element_type=\"widget\" data-widget_type=\"aux_button.default\">\n\t\t\t\t<div class=\"elementor-widget-container\">\n\t\t\t\t\t<a  href=\"https:\/\/view.com.uy\/Cmmd\/contacto\/\" target=\"_self\"   class=\"aux-button aux-medium aux-carmine-pink aux-curve aux-none aux-uppercase\" ><span class=\"aux-overlay\"><\/span><span class=\"aux-text\">Solicita asesor\u00eda<\/span><\/a>\t\t\t\t<\/div>\n\t\t\t\t<\/div>\n\t\t\t\t<\/div>\n\t\t\t\t<\/div>\n\t\t<div class=\"elementor-element elementor-element-74534ec e-con-full e-flex e-con e-child\" data-id=\"74534ec\" data-element_type=\"container\">\n\t\t\t\t<div class=\"elementor-element elementor-element-03e6177 aux-appear-watch-animation aux-mask-from-left elementor-widget elementor-widget-aux_image\" data-id=\"03e6177\" data-element_type=\"widget\" data-widget_type=\"aux_image.default\">\n\t\t\t\t<div class=\"elementor-widget-container\">\n\t\t\t\t\t<section class=\"widget-container aux-widget-image aux-alignnone aux-parent-au98c46125\">\n    <div class=\"aux-media-hint-frame \">\n        <div class=\"aux-media-image \" >\n        \n            \n\n            \n            <img fetchpriority=\"high\" decoding=\"async\" width=\"945\" height=\"945\" src=\"https:\/\/view.com.uy\/Cmmd\/wp-content\/uploads\/2026\/01\/Diseno-sin-titulo-278.jpg\" class=\"aux-attachment aux-featured-image aux-attachment-id-10136\" alt=\"Dise\u00f1o sin t\u00edtulo-278\" data-ratio=\"1\" data-original-w=\"945\" \/>            \n                <\/div>\n    <\/div>\n\n<\/section><!-- widget-container -->\t\t\t\t<\/div>\n\t\t\t\t<\/div>\n\t\t\t\t<\/div>\n\t\t\t\t<\/div>\n\t\t\t\t\t<\/div>\n\t\t\t\t<\/div>\n\t\t<div class=\"aux-parallax-section elementor-element elementor-element-448de89 e-flex e-con-boxed e-con e-parent\" data-id=\"448de89\" data-element_type=\"container\">\n\t\t\t\t\t<div class=\"e-con-inner\">\n\t\t<div class=\"elementor-element elementor-element-d0a2853 e-con-full e-flex e-con e-child\" data-id=\"d0a2853\" data-element_type=\"container\">\n\t\t\t\t<div class=\"elementor-element elementor-element-de819a4 aux-appear-watch-animation aux-fade-in-up elementor-widget elementor-widget-aux_modern_heading\" data-id=\"de819a4\" data-element_type=\"widget\" data-widget_type=\"aux_modern_heading.default\">\n\t\t\t\t<div class=\"elementor-widget-container\">\n\t\t\t\t\t<section class=\"aux-widget-modern-heading\">\n            <div class=\"aux-widget-inner\"><h6 class=\"aux-modern-heading-primary\"><\/h6><h6 class=\"aux-modern-heading-secondary\"><span class=\"aux-head-before\">Qu\u00e9 resuelve<\/span><span class=\"aux-head-highlight\">Shure<\/span><span class=\"aux-head-after\">en tu operaci\u00f3n<\/span><\/h6><\/div>\n        <\/section>\t\t\t\t<\/div>\n\t\t\t\t<\/div>\n\t\t\t\t<div class=\"elementor-element elementor-element-b780692 aux-appear-watch-animation aux-fade-in-right elementor-widget elementor-widget-text-editor\" data-id=\"b780692\" data-element_type=\"widget\" data-widget_type=\"text-editor.default\">\n\t\t\t\t<div class=\"elementor-widget-container\">\n\t\t\t\t\t\t\t\t\t<div class=\"aux-bus2-title-divider\">\u00a0<\/div>\t\t\t\t\t\t\t\t<\/div>\n\t\t\t\t<\/div>\n\t\t\t\t<div class=\"elementor-element elementor-element-7eac205 elementor-widget elementor-widget-text-editor\" data-id=\"7eac205\" data-element_type=\"widget\" data-widget_type=\"text-editor.default\">\n\t\t\t\t<div class=\"elementor-widget-container\">\n\t\t\t\t\t\t\t\t\t<p data-path-to-node=\"7\">Sus sistemas eliminan los cables y los micr\u00f3fonos estorbosos de la mesa. Mediante arreglos de micr\u00f3fonos de techo y pared de \u00faltima generaci\u00f3n, Shure permite que los participantes se muevan libremente y hablen con naturalidad, asegurando que el audio que llega al otro lado de la videoconferencia sea impecable, limpio y constante.<\/p>\t\t\t\t\t\t\t\t<\/div>\n\t\t\t\t<\/div>\n\t\t<div class=\"elementor-element elementor-element-2febc18 e-grid e-con-full e-con e-child\" data-id=\"2febc18\" data-element_type=\"container\">\n\t\t\t\t<div class=\"elementor-element elementor-element-21f7c1f aux-appear-watch-animation aux-fade-in-right-2 elementor-widget elementor-widget-aux_text\" data-id=\"21f7c1f\" data-element_type=\"widget\" data-widget_type=\"aux_text.default\">\n\t\t\t\t<div class=\"elementor-widget-container\">\n\t\t\t\t\t<section class=\"widget-container aux-widget-text aux-parent-audd5166aa\">        <div class=\"aux-widget-advanced-text aux-wrap-style-simple aux-ico-pos-top aux-text-center aux-text-resp- aux-text-color-dark aux-text-widget-bg-center  \" >\n        \n                            <div class=\"aux-text-widget-header \"  >\n                        <div class=\"aux-ico-box aux-ico-large aux-ico-shape-circle aux-ico-clear \">\n                            <i aria-hidden=\"true\" class=\"aux-ico fas fa-bullseye\"><\/i>                        <\/div>\n                <\/div>\n            \n            <div class=\"aux-text-inner aux-text-widget-content\">\n                                <h4 class=\"col-title\">Audio invisible<\/h4>\n                                <div class=\"widget-content\">\n                                        <p data-path-to-node=\"10\">Limpie su mesa de reuniones definitivamente. Con la serie MXA (Microflex Advance), los micr\u00f3fonos se instalan en el techo, integr\u00e1ndose con la arquitectura de la sala. Capturan la voz perfectamente desde arriba, manteniendo la mesa libre para documentos y laptops.<\/p>\n<p data-path-to-node=\"13\">\u00a0<\/p>                <\/div>\n                            <\/div>\n        <\/div>\n                    <div class=\"aux-text-widget-footer\">\n                <div class=\"aux-border-shape-none \">\n                                <\/div>\n            <\/div>\n        \n<\/section><!-- widget-container -->\t\t\t\t<\/div>\n\t\t\t\t<\/div>\n\t\t\t\t<div class=\"elementor-element elementor-element-2ba28b7 aux-appear-watch-animation aux-fade-in-right-2 elementor-widget elementor-widget-aux_text\" data-id=\"2ba28b7\" data-element_type=\"widget\" data-widget_type=\"aux_text.default\">\n\t\t\t\t<div class=\"elementor-widget-container\">\n\t\t\t\t\t<section class=\"widget-container aux-widget-text aux-parent-au5f96a067\">        <div class=\"aux-widget-advanced-text aux-wrap-style-simple aux-ico-pos-top aux-text-center aux-text-resp- aux-text-color-dark aux-text-widget-bg-center  \" >\n        \n                            <div class=\"aux-text-widget-header \"  >\n                        <div class=\"aux-ico-box aux-ico-large aux-ico-shape-circle aux-ico-clear \">\n                            <i aria-hidden=\"true\" class=\"aux-ico fas fa-crosshairs\"><\/i>                        <\/div>\n                <\/div>\n            \n            <div class=\"aux-text-inner aux-text-widget-content\">\n                                <h4 class=\"col-title\">Cobertura dirigible<\/h4>\n                                <div class=\"widget-content\">\n                                        <p data-path-to-node=\"13\">Apunte el sonido donde realmente importa. A diferencia de los micr\u00f3fonos gen\u00e9ricos, la tecnolog\u00eda de Shure permite configurar l\u00f3bulos de captura invisibles que se enfocan solo en los asientos de los participantes, rechazando activamente el ruido de puertas, pasillos o sistemas de aire acondicionado.<\/p>                <\/div>\n                            <\/div>\n        <\/div>\n                    <div class=\"aux-text-widget-footer\">\n                <div class=\"aux-border-shape-none \">\n                                <\/div>\n            <\/div>\n        \n<\/section><!-- widget-container -->\t\t\t\t<\/div>\n\t\t\t\t<\/div>\n\t\t\t\t<div class=\"elementor-element elementor-element-09043e5 aux-appear-watch-animation aux-fade-in-right-2 elementor-widget elementor-widget-aux_text\" data-id=\"09043e5\" data-element_type=\"widget\" data-widget_type=\"aux_text.default\">\n\t\t\t\t<div class=\"elementor-widget-container\">\n\t\t\t\t\t<section class=\"widget-container aux-widget-text aux-parent-aucb54d784\">        <div class=\"aux-widget-advanced-text aux-wrap-style-simple aux-ico-pos-top aux-text-center aux-text-resp- aux-text-color-dark aux-text-widget-bg-center  \" >\n        \n                            <div class=\"aux-text-widget-header \"  >\n                        <div class=\"aux-ico-box aux-ico-large aux-ico-shape-circle aux-ico-clear \">\n                            <i aria-hidden=\"true\" class=\"aux-ico fas fa-wave-square\"><\/i>                        <\/div>\n                <\/div>\n            \n            <div class=\"aux-text-inner aux-text-widget-content\">\n                                <h4 class=\"col-title\">Procesamiento<\/h4>\n                                <div class=\"widget-content\">\n                                        <p data-path-to-node=\"16\">Un ingeniero de sonido autom\u00e1tico en cada llamada. <span class=\"citation-35 citation-end-35\">El procesamiento digital de se\u00f1al de Shure trabaja en tiempo real para mezclar las voces, cancelar el eco ac\u00fastico y reducir el ruido de fondo, entregando una se\u00f1al cristalina certificada.<\/span><\/p>                <\/div>\n                            <\/div>\n        <\/div>\n                    <div class=\"aux-text-widget-footer\">\n                <div class=\"aux-border-shape-none \">\n                                <\/div>\n            <\/div>\n        \n<\/section><!-- widget-container -->\t\t\t\t<\/div>\n\t\t\t\t<\/div>\n\t\t\t\t<\/div>\n\t\t\t\t<\/div>\n\t\t\t\t\t<\/div>\n\t\t\t\t<\/div>\n\t\t<div class=\"aux-parallax-section elementor-element elementor-element-c3fee6a e-flex e-con-boxed e-con e-parent\" data-id=\"c3fee6a\" data-element_type=\"container\" data-settings=\"{&quot;background_background&quot;:&quot;gradient&quot;}\">\n\t\t\t\t\t<div class=\"e-con-inner\">\n\t\t<div class=\"elementor-element elementor-element-0c00473 e-con-full e-flex e-con e-child\" data-id=\"0c00473\" data-element_type=\"container\">\n\t\t\t\t<div class=\"elementor-element elementor-element-c2ef922 aux-appear-watch-animation aux-fade-in-up elementor-widget elementor-widget-aux_modern_heading\" data-id=\"c2ef922\" data-element_type=\"widget\" data-widget_type=\"aux_modern_heading.default\">\n\t\t\t\t<div class=\"elementor-widget-container\">\n\t\t\t\t\t<section class=\"aux-widget-modern-heading\">\n            <div class=\"aux-widget-inner\"><h6 class=\"aux-modern-heading-primary\"><\/h6><h6 class=\"aux-modern-heading-secondary\"><span class=\"aux-head-before\">\u00bfQuer\u00e9s ver c\u00f3mo puede aplicarse en<\/span><span class=\"aux-head-highlight\">tu empresa?<\/span><\/h6><\/div>\n        <\/section>\t\t\t\t<\/div>\n\t\t\t\t<\/div>\n\t\t\t\t<div class=\"elementor-element elementor-element-9d43e69 eael-contact-form-7-button-full-width elementor-widget elementor-widget-eael-contact-form-7\" data-id=\"9d43e69\" data-element_type=\"widget\" data-widget_type=\"eael-contact-form-7.default\">\n\t\t\t\t<div class=\"elementor-widget-container\">\n\t\t\t\t\t<div class=\"eael-contact-form-7-wrapper\">\n                <div class=\"eael-contact-form eael-contact-form-7 eael-contact-form-9d43e69 placeholder-show eael-contact-form-align-center\">\n<div class=\"wpcf7 no-js\" id=\"wpcf7-f9853-o1\" lang=\"es-ES\" dir=\"ltr\" data-wpcf7-id=\"9853\">\n<div class=\"screen-reader-response\"><p role=\"status\" aria-live=\"polite\" aria-atomic=\"true\"><\/p> <ul><\/ul><\/div>\n<form action=\"\/Cmmd\/wp-json\/wp\/v2\/pages\/10134#wpcf7-f9853-o1\" method=\"post\" class=\"wpcf7-form init\" aria-label=\"Formulario de contacto\" novalidate=\"novalidate\" data-status=\"init\">\n<fieldset class=\"hidden-fields-container\"><input type=\"hidden\" name=\"_wpcf7\" value=\"9853\" \/><input type=\"hidden\" name=\"_wpcf7_version\" value=\"6.1.4\" \/><input type=\"hidden\" name=\"_wpcf7_locale\" value=\"es_ES\" \/><input type=\"hidden\" name=\"_wpcf7_unit_tag\" value=\"wpcf7-f9853-o1\" \/><input type=\"hidden\" name=\"_wpcf7_container_post\" value=\"0\" \/><input type=\"hidden\" name=\"_wpcf7_posted_data_hash\" value=\"\" \/>\n<\/fieldset>\n<input class=\"wpcf7-form-control wpcf7-hidden\" value=\"\" type=\"hidden\" name=\"marca\" \/>\n<div class=\"cl-form-grid\">\n\t<div class=\"cl-field\">\n\t\t<p><label>Nombre y apellido<\/label><br \/>\n<span class=\"wpcf7-form-control-wrap\" data-name=\"nombre\"><input size=\"40\" maxlength=\"400\" class=\"wpcf7-form-control wpcf7-text wpcf7-validates-as-required\" aria-required=\"true\" aria-invalid=\"false\" placeholder=\"Ej: Juan P\u00e9rez\" value=\"\" type=\"text\" name=\"nombre\" \/><\/span>\n\t\t<\/p>\n\t<\/div>\n\t<div class=\"cl-field\">\n\t\t<p><label>Empresa y rol<\/label><br \/>\n<span class=\"wpcf7-form-control-wrap\" data-name=\"empresa_rol\"><input size=\"40\" maxlength=\"400\" class=\"wpcf7-form-control wpcf7-text\" aria-invalid=\"false\" placeholder=\"Ej: ACME\" value=\"\" type=\"text\" name=\"empresa_rol\" \/><\/span>\n\t\t<\/p>\n\t<\/div>\n\t<div class=\"cl-field\">\n\t\t<p><label>Sector o tipo de negocio<\/label><br \/>\n<span class=\"wpcf7-form-control-wrap\" data-name=\"sector\"><select class=\"wpcf7-form-control wpcf7-select\" aria-invalid=\"false\" name=\"sector\"><option value=\"\">Seleccionar\u2026<\/option><option value=\"Industria \/ Log\u00edstica\">Industria \/ Log\u00edstica<\/option><option value=\"Retail\">Retail<\/option><option value=\"Servicios\">Servicios<\/option><option value=\"Gobierno\">Gobierno<\/option><option value=\"Salud\">Salud<\/option><option value=\"Educaci\u00f3n\">Educaci\u00f3n<\/option><option value=\"Otro\">Otro<\/option><\/select><\/span>\n\t\t<\/p>\n\t<\/div>\n\t<div class=\"cl-field\">\n\t\t<p><label>Correo electr\u00f3nico<\/label><br \/>\n<span class=\"wpcf7-form-control-wrap\" data-name=\"email\"><input size=\"40\" maxlength=\"400\" class=\"wpcf7-form-control wpcf7-email wpcf7-validates-as-required wpcf7-text wpcf7-validates-as-email\" aria-required=\"true\" aria-invalid=\"false\" placeholder=\"tu@empresa.com\" value=\"\" type=\"email\" name=\"email\" \/><\/span>\n\t\t<\/p>\n\t<\/div>\n\t<div class=\"cl-field\">\n\t\t<p><label>Tel\u00e9fono<\/label><br \/>\n<span class=\"wpcf7-form-control-wrap\" data-name=\"telefono\"><input size=\"40\" maxlength=\"400\" class=\"wpcf7-form-control wpcf7-tel wpcf7-text wpcf7-validates-as-tel\" aria-invalid=\"false\" placeholder=\"Ej: +598 99 000 000\" value=\"\" type=\"tel\" name=\"telefono\" \/><\/span>\n\t\t<\/p>\n\t<\/div>\n\t<div class=\"cl-field cl-span-2\">\n\t\t<p><label>Mensaje \/ necesidad<\/label><br \/>\n<span class=\"wpcf7-form-control-wrap\" data-name=\"mensaje\"><textarea cols=\"40\" rows=\"10\" maxlength=\"2000\" class=\"wpcf7-form-control wpcf7-textarea wpcf7-validates-as-required\" aria-required=\"true\" aria-invalid=\"false\" placeholder=\"Contanos brevemente qu\u00e9 quer\u00e9s resolver\" name=\"mensaje\"><\/textarea><\/span>\n\t\t<\/p>\n\t<\/div>\n<\/div>\n<div class=\"wpcf7-response-output\" aria-hidden=\"true\"><\/div>\n<\/form>\n<\/div>\n<\/div>\n            <\/div>\t\t\t\t<\/div>\n\t\t\t\t<\/div>\n\t\t\t\t<\/div>\n\t\t\t\t\t<\/div>\n\t\t\t\t<\/div>\n\t\t\t\t<\/div>\n\t\t","protected":false},"excerpt":{"rendered":"<p>Shure Audio de precisi\u00f3n y est\u00e9tica invisible \u00a0 El est\u00e1ndar mundial en microfon\u00eda profesional. Aplicamos soluciones de Shure para elevar la voz en sus reuniones, implementando soluciones de audio arquitect\u00f3nico que garantizan una claridad de estudio sin sacrificar el dise\u00f1o de sus espacios. Solicita asesor\u00eda Qu\u00e9 resuelveShureen tu operaci\u00f3n \u00a0 Sus sistemas eliminan los cables [&hellip;]<\/p>\n","protected":false},"author":1,"featured_media":0,"parent":0,"menu_order":0,"comment_status":"closed","ping_status":"closed","template":"elementor_header_footer","meta":{"footnotes":""},"class_list":["post-10134","page","type-page","status-publish","hentry"],"_links":{"self":[{"href":"https:\/\/view.com.uy\/Cmmd\/wp-json\/wp\/v2\/pages\/10134","targetHints":{"allow":["GET"]}}],"collection":[{"href":"https:\/\/view.com.uy\/Cmmd\/wp-json\/wp\/v2\/pages"}],"about":[{"href":"https:\/\/view.com.uy\/Cmmd\/wp-json\/wp\/v2\/types\/page"}],"author":[{"embeddable":true,"href":"https:\/\/view.com.uy\/Cmmd\/wp-json\/wp\/v2\/users\/1"}],"replies":[{"embeddable":true,"href":"https:\/\/view.com.uy\/Cmmd\/wp-json\/wp\/v2\/comments?post=10134"}],"version-history":[{"count":4,"href":"https:\/\/view.com.uy\/Cmmd\/wp-json\/wp\/v2\/pages\/10134\/revisions"}],"predecessor-version":[{"id":10139,"href":"https:\/\/view.com.uy\/Cmmd\/wp-json\/wp\/v2\/pages\/10134\/revisions\/10139"}],"wp:attachment":[{"href":"https:\/\/view.com.uy\/Cmmd\/wp-json\/wp\/v2\/media?parent=10134"}],"curies":[{"name":"wp","href":"https:\/\/api.w.org\/{rel}","templated":true}]}}