{"id":9316,"date":"2025-09-09T15:20:56","date_gmt":"2025-09-09T15:20:56","guid":{"rendered":"https:\/\/view.com.uy\/Cmmd\/?page_id=9316"},"modified":"2025-09-09T15:21:49","modified_gmt":"2025-09-09T15:21:49","slug":"empecemos-tu-proyecto","status":"publish","type":"page","link":"https:\/\/view.com.uy\/Cmmd\/empecemos-tu-proyecto\/","title":{"rendered":"Empecemos tu proyecto"},"content":{"rendered":"\t\t<div data-elementor-type=\"wp-page\" data-elementor-id=\"9316\" class=\"elementor elementor-9316\">\n\t\t\t\t<div class=\"aux-parallax-section elementor-element elementor-element-83d498c e-flex e-con-boxed e-con e-parent\" data-id=\"83d498c\" data-element_type=\"container\">\n\t\t\t\t\t<div class=\"e-con-inner\">\n\t\t\t\t<div class=\"elementor-element elementor-element-fb80919 elementor-widget elementor-widget-aux_contact_form\" data-id=\"fb80919\" data-element_type=\"widget\" data-widget_type=\"aux_contact_form.default\">\n\t\t\t\t<div class=\"elementor-widget-container\">\n\t\t\t\t\t<section class=\"widget-container aux-widget-contact-form aux-parent-aub4289635\">            <div class=\"aux-col-wrapper aux-no-gutter\">\n            <!-- @TODO - The output for element here -->\n\n            \n<div class=\"wpcf7 no-js\" id=\"wpcf7-f9315-o1\" lang=\"es-ES\" dir=\"ltr\" data-wpcf7-id=\"9315\">\n<div class=\"screen-reader-response\"><p role=\"status\" aria-live=\"polite\" aria-atomic=\"true\"><\/p> <ul><\/ul><\/div>\n<form action=\"\/Cmmd\/wp-json\/wp\/v2\/pages\/9316#wpcf7-f9315-o1\" method=\"post\" class=\"wpcf7-form init\" aria-label=\"Formulario de contacto\" enctype=\"multipart\/form-data\" novalidate=\"novalidate\" data-status=\"init\">\n<fieldset class=\"hidden-fields-container\"><input type=\"hidden\" name=\"_wpcf7\" value=\"9315\" \/><input type=\"hidden\" name=\"_wpcf7_version\" value=\"6.1.4\" \/><input type=\"hidden\" name=\"_wpcf7_locale\" value=\"es_ES\" \/><input type=\"hidden\" name=\"_wpcf7_unit_tag\" value=\"wpcf7-f9315-o1\" \/><input type=\"hidden\" name=\"_wpcf7_container_post\" value=\"0\" \/><input type=\"hidden\" name=\"_wpcf7_posted_data_hash\" value=\"\" \/>\n<\/fieldset>\n<div class=\"cmmd-form\">\n\t<h3>Contanos de tu proyecto\n\t<\/h3>\n\t<div class=\"cmmd-grid\">\n\t\t<div class=\"cmmd-field\">\n\t\t\t<p><span class=\"wpcf7-form-control-wrap\" data-name=\"your-name\"><input size=\"40\" maxlength=\"400\" class=\"wpcf7-form-control wpcf7-text wpcf7-validates-as-required\" aria-required=\"true\" aria-invalid=\"false\" placeholder=\"Nombre y apellido\" value=\"\" type=\"text\" name=\"your-name\" \/><\/span>\n\t\t\t<\/p>\n\t\t<\/div>\n\t\t<div class=\"cmmd-field\">\n\t\t\t<p><span class=\"wpcf7-form-control-wrap\" data-name=\"your-company\"><input size=\"40\" maxlength=\"400\" class=\"wpcf7-form-control wpcf7-text\" aria-invalid=\"false\" placeholder=\"Empresa (opcional)\" value=\"\" type=\"text\" name=\"your-company\" \/><\/span>\n\t\t\t<\/p>\n\t\t<\/div>\n\t\t<div class=\"cmmd-field\">\n\t\t\t<p><span class=\"wpcf7-form-control-wrap\" data-name=\"your-email\"><input size=\"40\" maxlength=\"400\" class=\"wpcf7-form-control wpcf7-email wpcf7-validates-as-required wpcf7-text wpcf7-validates-as-email\" aria-required=\"true\" aria-invalid=\"false\" placeholder=\"Email\" value=\"\" type=\"email\" name=\"your-email\" \/><\/span>\n\t\t\t<\/p>\n\t\t<\/div>\n\t\t<div class=\"cmmd-field\">\n\t\t\t<p><span class=\"wpcf7-form-control-wrap\" data-name=\"your-phone\"><input size=\"40\" maxlength=\"400\" class=\"wpcf7-form-control wpcf7-tel wpcf7-text wpcf7-validates-as-tel\" aria-invalid=\"false\" placeholder=\"Tel\u00e9fono \/ WhatsApp\" value=\"\" type=\"tel\" name=\"your-phone\" \/><\/span>\n\t\t\t<\/p>\n\t\t<\/div>\n\t\t<div class=\"cmmd-field cmmd-span2\">\n\t\t\t<p><span class=\"wpcf7-form-control-wrap\" data-name=\"project-type\"><select class=\"wpcf7-form-control wpcf7-select wpcf7-validates-as-required\" aria-required=\"true\" aria-invalid=\"false\" name=\"project-type\"><option value=\"\">&#8212;Por favor, elige una opci\u00f3n&#8212;<\/option><option value=\"Seguridad con IA (AxxonSoft)\">Seguridad con IA (AxxonSoft)<\/option><option value=\"Multimedia \/ Salas AV\">Multimedia \/ Salas AV<\/option><option value=\"Redes e infraestructura\">Redes e infraestructura<\/option><option value=\"Telefon\u00eda IP \/ UC\">Telefon\u00eda IP \/ UC<\/option><option value=\"Biometr\u00eda e identidad\">Biometr\u00eda e identidad<\/option><\/select><\/span>\n\t\t\t<\/p>\n\t\t<\/div>\n\t\t<div class=\"cmmd-field cmmd-span2\">\n\t\t\t<p><span class=\"wpcf7-form-control-wrap\" data-name=\"your-message\"><textarea cols=\"40\" rows=\"10\" maxlength=\"2000\" class=\"wpcf7-form-control wpcf7-textarea wpcf7-validates-as-required\" aria-required=\"true\" aria-invalid=\"false\" placeholder=\"Contanos objetivos, plazos o dolores principales (breve)\" name=\"your-message\"><\/textarea><\/span>\n\t\t\t<\/p>\n\t\t<\/div>\n\t\t<div class=\"cmmd-field cmmd-span2\">\n\t\t\t<p><span class=\"wpcf7-form-control-wrap\" data-name=\"project-brief\"><input size=\"40\" class=\"wpcf7-form-control wpcf7-file\" accept=\".pdf,.doc,.docx,.ppt,.pptx\" aria-invalid=\"false\" type=\"file\" name=\"project-brief\" \/><\/span>\n\t\t\t<\/p>\n\t\t<\/div>\n\t\t<div class=\"cmmd-field cmmd-span2\">\n\t\t\t<div class=\"cmmd-actions cmmd-span2\">\n\t\t\t\t<p><input class=\"wpcf7-form-control wpcf7-submit has-spinner\" type=\"submit\" value=\"Solicitar asesor\u00eda\" \/>\n\t\t\t\t<\/p>\n\t\t\t<\/div>\n\t\t<\/div>\n\t<\/div>\n<\/div><div class=\"wpcf7-response-output\" aria-hidden=\"true\"><\/div>\n<\/form>\n<\/div>\n\n\n            <\/div><!-- aux-col-wrapper -->\n    <\/section><!-- widget-container -->\t\t\t\t<\/div>\n\t\t\t\t<\/div>\n\t\t\t\t\t<\/div>\n\t\t\t\t<\/div>\n\t\t\t\t<\/div>\n\t\t","protected":false},"excerpt":{"rendered":"<p>Contanos de tu proyecto &#8212;Por favor, elige una opci\u00f3n&#8212;Seguridad con IA (AxxonSoft)Multimedia \/ Salas AVRedes e infraestructuraTelefon\u00eda IP \/ UCBiometr\u00eda e identidad [acceptance* privacy-consent] Acepto el tratamiento de mis datos seg\u00fan la [privacy-policy]Pol\u00edtica de Privacidad[\/privacy-policy]. [\/acceptance] [honeypot cmmd_hp]<\/p>\n","protected":false},"author":1,"featured_media":0,"parent":0,"menu_order":0,"comment_status":"closed","ping_status":"closed","template":"","meta":{"footnotes":""},"class_list":["post-9316","page","type-page","status-publish","hentry"],"_links":{"self":[{"href":"https:\/\/view.com.uy\/Cmmd\/wp-json\/wp\/v2\/pages\/9316","targetHints":{"allow":["GET"]}}],"collection":[{"href":"https:\/\/view.com.uy\/Cmmd\/wp-json\/wp\/v2\/pages"}],"about":[{"href":"https:\/\/view.com.uy\/Cmmd\/wp-json\/wp\/v2\/types\/page"}],"author":[{"embeddable":true,"href":"https:\/\/view.com.uy\/Cmmd\/wp-json\/wp\/v2\/users\/1"}],"replies":[{"embeddable":true,"href":"https:\/\/view.com.uy\/Cmmd\/wp-json\/wp\/v2\/comments?post=9316"}],"version-history":[{"count":4,"href":"https:\/\/view.com.uy\/Cmmd\/wp-json\/wp\/v2\/pages\/9316\/revisions"}],"predecessor-version":[{"id":9320,"href":"https:\/\/view.com.uy\/Cmmd\/wp-json\/wp\/v2\/pages\/9316\/revisions\/9320"}],"wp:attachment":[{"href":"https:\/\/view.com.uy\/Cmmd\/wp-json\/wp\/v2\/media?parent=9316"}],"curies":[{"name":"wp","href":"https:\/\/api.w.org\/{rel}","templated":true}]}}