{"id":9450,"date":"2025-09-29T22:26:36","date_gmt":"2025-09-29T22:26:36","guid":{"rendered":"https:\/\/view.com.uy\/Cmmd\/?page_id=9450"},"modified":"2025-09-29T22:37:24","modified_gmt":"2025-09-29T22:37:24","slug":"postulate","status":"publish","type":"page","link":"https:\/\/view.com.uy\/Cmmd\/postulate\/","title":{"rendered":"Postulate"},"content":{"rendered":"\t\t<div data-elementor-type=\"wp-post\" data-elementor-id=\"9450\" class=\"elementor elementor-9450\">\n\t\t\t\t<div class=\"aux-parallax-section elementor-element elementor-element-337dd3e e-flex e-con-boxed e-con e-parent\" data-id=\"337dd3e\" data-element_type=\"container\">\n\t\t\t\t\t<div class=\"e-con-inner\">\n\t\t<div class=\"elementor-element elementor-element-6d3a608 e-con-full e-flex e-con e-child\" data-id=\"6d3a608\" data-element_type=\"container\">\n\t\t\t\t<div class=\"elementor-element elementor-element-d23bb26 aux-appear-watch-animation aux-fade-in-up elementor-widget elementor-widget-aux_modern_heading\" data-id=\"d23bb26\" data-element_type=\"widget\" data-widget_type=\"aux_modern_heading.default\">\n\t\t\t\t<div class=\"elementor-widget-container\">\n\t\t\t\t\t<section class=\"aux-widget-modern-heading\">\n            <div class=\"aux-widget-inner\"><h5 class=\"aux-modern-heading-primary\"><\/h5><h3 class=\"aux-modern-heading-secondary\"><span class=\"aux-head-before\">Siempre buscamos<\/span><span class=\"aux-head-highlight\">nuevos talentos<\/span><\/h3><\/div>\n        <\/section>\t\t\t\t<\/div>\n\t\t\t\t<\/div>\n\t\t\t\t<div class=\"elementor-element elementor-element-b656bc8 aux-appear-watch-animation aux-fade-in-up elementor-widget elementor-widget-aux_contact_form\" data-id=\"b656bc8\" data-element_type=\"widget\" data-widget_type=\"aux_contact_form.default\">\n\t\t\t\t<div class=\"elementor-widget-container\">\n\t\t\t\t\t<section class=\"widget-container aux-widget-contact-form aux-parent-au7c929fb4\">            <div class=\"aux-col-wrapper aux-no-gutter\">\n            <!-- @TODO - The output for element here -->\n\n            \n<div class=\"wpcf7 no-js\" id=\"wpcf7-f9449-o1\" lang=\"es-ES\" dir=\"ltr\" data-wpcf7-id=\"9449\">\n<div class=\"screen-reader-response\"><p role=\"status\" aria-live=\"polite\" aria-atomic=\"true\"><\/p> <ul><\/ul><\/div>\n<form action=\"\/Cmmd\/wp-json\/wp\/v2\/pages\/9450#wpcf7-f9449-o1\" method=\"post\" class=\"wpcf7-form init\" aria-label=\"Formulario de contacto\" enctype=\"multipart\/form-data\" novalidate=\"novalidate\" data-status=\"init\">\n<fieldset class=\"hidden-fields-container\"><input type=\"hidden\" name=\"_wpcf7\" value=\"9449\" \/><input type=\"hidden\" name=\"_wpcf7_version\" value=\"6.1.4\" \/><input type=\"hidden\" name=\"_wpcf7_locale\" value=\"es_ES\" \/><input type=\"hidden\" name=\"_wpcf7_unit_tag\" value=\"wpcf7-f9449-o1\" \/><input type=\"hidden\" name=\"_wpcf7_container_post\" value=\"0\" \/><input type=\"hidden\" name=\"_wpcf7_posted_data_hash\" value=\"\" \/>\n<\/fieldset>\n<div class=\"cl-postulate\">\n\t<h3>Datos personales\n\t<\/h3>\n\t<div class=\"grid\">\n\t\t<div class=\"col\">\n\t\t\t<p><label>Nombre y apellido (*)<\/label><br \/>\n<span class=\"wpcf7-form-control-wrap\" data-name=\"full-name\"><input size=\"40\" maxlength=\"400\" class=\"wpcf7-form-control wpcf7-text wpcf7-validates-as-required\" aria-required=\"true\" aria-invalid=\"false\" placeholder=\"Ej.: Valentina G\u00f3mez\" value=\"\" type=\"text\" name=\"full-name\" \/><\/span>\n\t\t\t<\/p>\n\t\t<\/div>\n\t\t<div class=\"col\">\n\t\t\t<p><label>Email (*)<\/label><br \/>\n<span class=\"wpcf7-form-control-wrap\" data-name=\"email\"><input size=\"40\" maxlength=\"400\" class=\"wpcf7-form-control wpcf7-email wpcf7-validates-as-required wpcf7-text wpcf7-validates-as-email\" aria-required=\"true\" aria-invalid=\"false\" placeholder=\"valentina@mail.com\" value=\"\" type=\"email\" name=\"email\" \/><\/span>\n\t\t\t<\/p>\n\t\t<\/div>\n\t<\/div>\n\t<div class=\"grid\">\n\t\t<div class=\"col\">\n\t\t\t<p><label>Tel\u00e9fono \/ WhatsApp (*)<\/label><br \/>\n<span class=\"wpcf7-form-control-wrap\" data-name=\"phone\"><input size=\"40\" maxlength=\"400\" class=\"wpcf7-form-control wpcf7-tel wpcf7-validates-as-required wpcf7-text wpcf7-validates-as-tel\" aria-required=\"true\" aria-invalid=\"false\" placeholder=\"+598 9xx xxx xx\" value=\"\" type=\"tel\" name=\"phone\" \/><\/span>\n\t\t\t<\/p>\n\t\t<\/div>\n\t\t<div class=\"col\">\n\t\t\t<p><label>Ciudad y pa\u00eds<\/label><br \/>\n<span class=\"wpcf7-form-control-wrap\" data-name=\"location\"><input size=\"40\" maxlength=\"400\" class=\"wpcf7-form-control wpcf7-text\" aria-invalid=\"false\" placeholder=\"Ej.: Montevideo, Uruguay\" value=\"\" type=\"text\" name=\"location\" \/><\/span>\n\t\t\t<\/p>\n\t\t<\/div>\n\t<\/div>\n\t<div class=\"grid\">\n\t\t<div class=\"col\">\n\t\t\t<p><label>Sexo<\/label><br \/>\n<span class=\"wpcf7-form-control-wrap\" data-name=\"gender\"><select class=\"wpcf7-form-control wpcf7-select\" aria-invalid=\"false\" name=\"gender\"><option value=\"\">&#8212;Por favor, elige una opci\u00f3n&#8212;<\/option><option value=\"Femenino\">Femenino<\/option><option value=\"Masculino\">Masculino<\/option><option value=\"Otro \/ Prefiero no decir\">Otro \/ Prefiero no decir<\/option><\/select><\/span>\n\t\t\t<\/p>\n\t\t<\/div>\n\t\t<div class=\"col\">\n\t\t\t<p><label>Nivel de educaci\u00f3n<\/label><br \/>\n<span class=\"wpcf7-form-control-wrap\" data-name=\"education\"><select class=\"wpcf7-form-control wpcf7-select\" aria-invalid=\"false\" name=\"education\"><option value=\"\">&#8212;Por favor, elige una opci\u00f3n&#8212;<\/option><option value=\"Secundario\">Secundario<\/option><option value=\"Terciario\/Universitario\">Terciario\/Universitario<\/option><option value=\"Master\/Doctorado\">Master\/Doctorado<\/option><\/select><\/span>\n\t\t\t<\/p>\n\t\t<\/div>\n\t<\/div>\n\t<p><label>Idiomas (pod\u00e9s marcar varios)<\/label><br \/>\n<span class=\"wpcf7-form-control-wrap\" data-name=\"languages\"><span class=\"wpcf7-form-control wpcf7-checkbox\"><span class=\"wpcf7-list-item first\"><label><input type=\"checkbox\" name=\"languages[]\" value=\"Espa\u00f1ol\" \/><span class=\"wpcf7-list-item-label\">Espa\u00f1ol<\/span><\/label><\/span><span class=\"wpcf7-list-item\"><label><input type=\"checkbox\" name=\"languages[]\" value=\"Ingl\u00e9s\" \/><span class=\"wpcf7-list-item-label\">Ingl\u00e9s<\/span><\/label><\/span><span class=\"wpcf7-list-item\"><label><input type=\"checkbox\" name=\"languages[]\" value=\"Portugu\u00e9s\" \/><span class=\"wpcf7-list-item-label\">Portugu\u00e9s<\/span><\/label><\/span><span class=\"wpcf7-list-item last\"><label><input type=\"checkbox\" name=\"languages[]\" value=\"Otros\" \/><span class=\"wpcf7-list-item-label\">Otros<\/span><\/label><\/span><\/span><\/span>\n\t<\/p>\n<hr \/>\n\t<h3>Perfil profesional\n\t<\/h3>\n\t<div class=\"grid\">\n\t\t<div class=\"col\">\n\t\t\t<p><label>Puesto al que postul\u00e1s (*)<\/label><br \/>\n<span class=\"wpcf7-form-control-wrap\" data-name=\"position\"><input size=\"40\" maxlength=\"400\" class=\"wpcf7-form-control wpcf7-text wpcf7-validates-as-required\" aria-required=\"true\" aria-invalid=\"false\" placeholder=\"Ej.: Ingeniero VoIP \/ T\u00e9cnico AV \/ Dev Python\" value=\"\" type=\"text\" name=\"position\" \/><\/span>\n\t\t\t<\/p>\n\t\t<\/div>\n\t\t<div class=\"col\">\n\t\t\t<p><label>LinkedIn (opcional)<\/label><br \/>\n<span class=\"wpcf7-form-control-wrap\" data-name=\"linkedin\"><input size=\"40\" maxlength=\"400\" class=\"wpcf7-form-control wpcf7-url wpcf7-text wpcf7-validates-as-url\" aria-invalid=\"false\" placeholder=\"https:\/\/www.linkedin.com\/in\/usuario\" value=\"\" type=\"url\" name=\"linkedin\" \/><\/span>\n\t\t\t<\/p>\n\t\t<\/div>\n\t<\/div>\n\t<div class=\"grid\">\n\t\t<div class=\"col\">\n\t\t\t<p><label>A\u00f1os de experiencia<\/label><br \/>\n<span class=\"wpcf7-form-control-wrap\" data-name=\"years-exp\"><input class=\"wpcf7-form-control wpcf7-number wpcf7-validates-as-number\" min=\"0\" max=\"50\" aria-invalid=\"false\" placeholder=\"Ej.: 5\" value=\"\" type=\"number\" name=\"years-exp\" \/><\/span>\n\t\t\t<\/p>\n\t\t<\/div>\n\t\t<div class=\"col\">\n\t\t\t<p><label>Rango salarial esperado (USD \/ UYU)<\/label><br \/>\n<span class=\"wpcf7-form-control-wrap\" data-name=\"salary-range\"><input size=\"40\" maxlength=\"400\" class=\"wpcf7-form-control wpcf7-text\" aria-invalid=\"false\" placeholder=\"Ej.: UYU 65.000 \u2013 85.000\" value=\"\" type=\"text\" name=\"salary-range\" \/><\/span>\n\t\t\t<\/p>\n\t\t<\/div>\n\t<\/div>\n\t<p><label>Resumen de experiencia (*)<\/label><br \/>\n<span class=\"wpcf7-form-control-wrap\" data-name=\"summary\"><textarea cols=\"40\" rows=\"10\" maxlength=\"2000\" class=\"wpcf7-form-control wpcf7-textarea wpcf7-validates-as-required\" aria-required=\"true\" aria-invalid=\"false\" placeholder=\"Contanos brevemente tu experiencia y principales logros\u2026\" name=\"summary\"><\/textarea><\/span>\n\t<\/p>\n\t<p><label>Skills clave (separadas por coma)<\/label><br \/>\n<span class=\"wpcf7-form-control-wrap\" data-name=\"skills\"><input size=\"40\" maxlength=\"400\" class=\"wpcf7-form-control wpcf7-text\" aria-invalid=\"false\" placeholder=\"Ej.: Asterisk, SIP, Zoom Rooms, Kramer, Linux, Redes\" value=\"\" type=\"text\" name=\"skills\" \/><\/span>\n\t<\/p>\n<hr \/>\n\t<h3>Disponibilidad\n\t<\/h3>\n\t<div class=\"grid\">\n\t\t<div class=\"col\">\n\t\t\t<p><label>Modalidad<\/label><br \/>\n<span class=\"wpcf7-form-control-wrap\" data-name=\"modality\"><select class=\"wpcf7-form-control wpcf7-select\" aria-invalid=\"false\" name=\"modality\"><option value=\"\">&#8212;Por favor, elige una opci\u00f3n&#8212;<\/option><option value=\"Presencial\">Presencial<\/option><option value=\"H\u00edbrido\">H\u00edbrido<\/option><option value=\"Remoto\">Remoto<\/option><\/select><\/span>\n\t\t\t<\/p>\n\t\t<\/div>\n\t\t<div class=\"col\">\n\t\t\t<p><label>Fecha de inicio<\/label><br \/>\n<span class=\"wpcf7-form-control-wrap\" data-name=\"start-date\"><input class=\"wpcf7-form-control wpcf7-date wpcf7-validates-as-date\" aria-invalid=\"false\" value=\"\" type=\"date\" name=\"start-date\" \/><\/span>\n\t\t\t<\/p>\n\t\t<\/div>\n\t<\/div>\n\t<div class=\"grid\">\n\t\t<div class=\"col\">\n\t\t\t<p><label>Jornada<\/label><br \/>\n<span class=\"wpcf7-form-control-wrap\" data-name=\"jornada\"><select class=\"wpcf7-form-control wpcf7-select\" aria-invalid=\"false\" name=\"jornada\"><option value=\"\">&#8212;Por favor, elige una opci\u00f3n&#8212;<\/option><option value=\"Tiempo completo\">Tiempo completo<\/option><option value=\"Part-time\">Part-time<\/option><option value=\"Proyecto \/ Freelance\">Proyecto \/ Freelance<\/option><\/select><\/span>\n\t\t\t<\/p>\n\t\t<\/div>\n\t\t<div class=\"col\">\n\t\t\t<p><label>Disponibilidad horaria<\/label><br \/>\n<span class=\"wpcf7-form-control-wrap\" data-name=\"availability\"><select class=\"wpcf7-form-control wpcf7-select\" aria-invalid=\"false\" name=\"availability\"><option value=\"\">&#8212;Por favor, elige una opci\u00f3n&#8212;<\/option><option value=\"Ma\u00f1ana\">Ma\u00f1ana<\/option><option value=\"Tarde\">Tarde<\/option><option value=\"Horario extendido\">Horario extendido<\/option><option value=\"Indistinto\">Indistinto<\/option><\/select><\/span>\n\t\t\t<\/p>\n\t\t<\/div>\n\t<\/div>\n\t<p><label>\u00bfPod\u00e9s relocalizarte si el puesto lo requiere?<\/label><br \/>\n<span class=\"wpcf7-form-control-wrap\" data-name=\"relocate\"><span class=\"wpcf7-form-control wpcf7-radio\"><span class=\"wpcf7-list-item first\"><input type=\"radio\" name=\"relocate\" value=\"S\u00ed\" checked=\"checked\" \/><span class=\"wpcf7-list-item-label\">S\u00ed<\/span><\/span><span class=\"wpcf7-list-item\"><input type=\"radio\" name=\"relocate\" value=\"No\" \/><span class=\"wpcf7-list-item-label\">No<\/span><\/span><span class=\"wpcf7-list-item last\"><input type=\"radio\" name=\"relocate\" value=\"A convenir\" \/><span class=\"wpcf7-list-item-label\">A convenir<\/span><\/span><\/span><\/span>\n\t<\/p>\n<hr \/>\n\t<h3>Adjuntos\n\t<\/h3>\n\t<div class=\"grid\">\n\t\t<div class=\"col\">\n\t\t\t<p><label>CV \/ Hoja de vida (PDF, m\u00e1x. 5MB) (*)<\/label><br \/>\n<span class=\"wpcf7-form-control-wrap\" data-name=\"cv\"><input size=\"40\" class=\"wpcf7-form-control wpcf7-file wpcf7-validates-as-required\" accept=\".pdf\" aria-required=\"true\" aria-invalid=\"false\" type=\"file\" name=\"cv\" \/><\/span>\n\t\t\t<\/p>\n\t\t<\/div>\n\t\t<div class=\"col\">\n\t\t\t<p><label>Portfolio \/ Certificados (opcional)<\/label><br \/>\n<span class=\"wpcf7-form-control-wrap\" data-name=\"portfolio\"><input size=\"40\" class=\"wpcf7-form-control wpcf7-file\" accept=\".pdf,.zip,.png,.jpg,.jpeg\" aria-invalid=\"false\" type=\"file\" name=\"portfolio\" \/><\/span>\n\t\t\t<\/p>\n\t\t<\/div>\n\t<\/div>\n\t<p><label>Mensaje para RRHH (opcional)<\/label><br \/>\n<span class=\"wpcf7-form-control-wrap\" data-name=\"note\"><textarea cols=\"40\" rows=\"10\" maxlength=\"2000\" class=\"wpcf7-form-control wpcf7-textarea\" aria-invalid=\"false\" placeholder=\"Dejanos alg\u00fan dato adicional que quieras destacar\u2026\" name=\"note\"><\/textarea><\/span>\n\t<\/p>\n<input class=\"wpcf7-form-control wpcf7-hidden\" value=\"\" type=\"hidden\" name=\"page-url\" \/>\n\t<div class=\"actions\">\n\t\t<p><input class=\"wpcf7-form-control wpcf7-submit has-spinner\" type=\"submit\" value=\"Enviar postulaci\u00f3n\" \/>\n\t\t<\/p>\n\t<\/div>\n<\/div><div class=\"wpcf7-response-output\" aria-hidden=\"true\"><\/div>\n<\/form>\n<\/div>\n\n\n            <\/div><!-- aux-col-wrapper -->\n    <\/section><!-- widget-container -->\t\t\t\t<\/div>\n\t\t\t\t<\/div>\n\t\t\t\t<\/div>\n\t\t\t\t\t<\/div>\n\t\t\t\t<\/div>\n\t\t<div class=\"aux-parallax-section elementor-element elementor-element-c4df5a1 e-flex e-con-boxed e-con e-parent\" data-id=\"c4df5a1\" data-element_type=\"container\">\n\t\t\t\t\t<div class=\"e-con-inner\">\n\t\t<div class=\"elementor-element elementor-element-aa5593d aux-appear-watch-animation aux-fade-in-left-2 e-con-full e-flex e-con e-child\" data-id=\"aa5593d\" data-element_type=\"container\" data-settings=\"{&quot;background_background&quot;:&quot;gradient&quot;}\">\n\t\t\t\t<div class=\"elementor-element elementor-element-3b376a9 elementor-widget elementor-widget-aux_modern_heading\" data-id=\"3b376a9\" data-element_type=\"widget\" data-widget_type=\"aux_modern_heading.default\">\n\t\t\t\t<div class=\"elementor-widget-container\">\n\t\t\t\t\t<section class=\"aux-widget-modern-heading\">\n            <div class=\"aux-widget-inner\"><h2 class=\"aux-modern-heading-primary\">\u00bfEst\u00e1s listo?<\/h2><h3 class=\"aux-modern-heading-secondary\"><span class=\"aux-head-before\">Desarrollemos tu proyecto<\/span><\/h3><\/div>\n        <\/section>\t\t\t\t<\/div>\n\t\t\t\t<\/div>\n\t\t\t\t<div class=\"elementor-element elementor-element-80fd6aa aux-appear-watch-animation aux-fade-in-up elementor-widget elementor-widget-aux_button\" data-id=\"80fd6aa\" data-element_type=\"widget\" data-widget_type=\"aux_button.default\">\n\t\t\t\t<div class=\"elementor-widget-container\">\n\t\t\t\t\t<a  href=\"https:\/\/view.com.uy\/Cmmd\/empecemos-tu-proyecto\/\" target=\"_blank\"   class=\"aux-button aux-medium aux-carmine-pink aux-curve aux-none aux-uppercase\" ><span class=\"aux-overlay\"><\/span><span class=\"aux-text\">Ver m\u00e1s<\/span><\/a>\t\t\t\t<\/div>\n\t\t\t\t<\/div>\n\t\t\t\t<\/div>\n\t\t<div class=\"elementor-element elementor-element-97ba6de aux-appear-watch-animation aux-fade-in-right-2 e-con-full e-flex e-con e-child\" data-id=\"97ba6de\" data-element_type=\"container\" data-settings=\"{&quot;background_background&quot;:&quot;gradient&quot;}\">\n\t\t\t\t<div class=\"elementor-element elementor-element-2c01aa0 elementor-widget elementor-widget-aux_modern_heading\" data-id=\"2c01aa0\" data-element_type=\"widget\" data-widget_type=\"aux_modern_heading.default\">\n\t\t\t\t<div class=\"elementor-widget-container\">\n\t\t\t\t\t<section class=\"aux-widget-modern-heading\">\n            <div class=\"aux-widget-inner\"><h2 class=\"aux-modern-heading-primary\">Buscamos talento<\/h2><h3 class=\"aux-modern-heading-secondary\"><span class=\"aux-head-before\">\u00bfQuieres trabajar con nosotros?<\/span><\/h3><\/div>\n        <\/section>\t\t\t\t<\/div>\n\t\t\t\t<\/div>\n\t\t\t\t<div class=\"elementor-element elementor-element-5bb8654 elementor-widget elementor-widget-aux_button\" data-id=\"5bb8654\" data-element_type=\"widget\" data-widget_type=\"aux_button.default\">\n\t\t\t\t<div class=\"elementor-widget-container\">\n\t\t\t\t\t<button   class=\"aux-button aux-medium aux-carmine-pink aux-curve aux-none aux-uppercase\" ><span class=\"aux-overlay\"><\/span><span class=\"aux-text\">Ver m\u00e1s<\/span><\/button>\t\t\t\t<\/div>\n\t\t\t\t<\/div>\n\t\t\t\t<\/div>\n\t\t\t\t\t<\/div>\n\t\t\t\t<\/div>\n\t\t\t\t<\/div>\n\t\t","protected":false},"excerpt":{"rendered":"<p>Siempre buscamosnuevos talentos Datos personales Nombre y apellido (*) Email (*) Tel\u00e9fono \/ WhatsApp (*) Ciudad y pa\u00eds Sexo &#8212;Por favor, elige una opci\u00f3n&#8212;FemeninoMasculinoOtro \/ Prefiero no decir Nivel de educaci\u00f3n &#8212;Por favor, elige una opci\u00f3n&#8212;SecundarioTerciario\/UniversitarioMaster\/Doctorado Idiomas (pod\u00e9s marcar varios) Espa\u00f1olIngl\u00e9sPortugu\u00e9sOtros Perfil profesional Puesto al que postul\u00e1s (*) LinkedIn (opcional) A\u00f1os de experiencia Rango salarial [&hellip;]<\/p>\n","protected":false},"author":1,"featured_media":0,"parent":0,"menu_order":0,"comment_status":"closed","ping_status":"closed","template":"elementor_header_footer","meta":{"footnotes":""},"class_list":["post-9450","page","type-page","status-publish","hentry"],"_links":{"self":[{"href":"https:\/\/view.com.uy\/Cmmd\/wp-json\/wp\/v2\/pages\/9450","targetHints":{"allow":["GET"]}}],"collection":[{"href":"https:\/\/view.com.uy\/Cmmd\/wp-json\/wp\/v2\/pages"}],"about":[{"href":"https:\/\/view.com.uy\/Cmmd\/wp-json\/wp\/v2\/types\/page"}],"author":[{"embeddable":true,"href":"https:\/\/view.com.uy\/Cmmd\/wp-json\/wp\/v2\/users\/1"}],"replies":[{"embeddable":true,"href":"https:\/\/view.com.uy\/Cmmd\/wp-json\/wp\/v2\/comments?post=9450"}],"version-history":[{"count":4,"href":"https:\/\/view.com.uy\/Cmmd\/wp-json\/wp\/v2\/pages\/9450\/revisions"}],"predecessor-version":[{"id":9455,"href":"https:\/\/view.com.uy\/Cmmd\/wp-json\/wp\/v2\/pages\/9450\/revisions\/9455"}],"wp:attachment":[{"href":"https:\/\/view.com.uy\/Cmmd\/wp-json\/wp\/v2\/media?parent=9450"}],"curies":[{"name":"wp","href":"https:\/\/api.w.org\/{rel}","templated":true}]}}